{"id":1032,"date":"2021-11-04T13:29:09","date_gmt":"2021-11-04T12:29:09","guid":{"rendered":"https:\/\/www.kozmetika-martur.si\/?post_type=product&#038;p=1032"},"modified":"2022-10-25T11:46:31","modified_gmt":"2022-10-25T09:46:31","slug":"pomirjajoci-tonik-za-obraz","status":"publish","type":"product","link":"https:\/\/www.kozmetika-martur.si\/hr\/proizvod\/pomirjajoci-tonik-za-obraz\/","title":{"rendered":"Soft calming toner - Nje\u017eni umiruju\u0107i tonik"},"content":{"rendered":"<h2>Umiruju\u0107i tonik za lice<\/h2>\n<p>Soft Calming Toner je nje\u017ean umiruju\u0107i tonik za lice koji se mo\u017ee koristiti i nakon brijanja. Ko\u017eu dodatno \u010disti, tonira, osvje\u017eava i \u0161titi od vanjskih utjecaja. Sadr\u017ei sastojke koji blagotvorno djeluju na ko\u017eu te je umiruju i vla\u017ee. Nakon upotrebe ko\u017ea je osvje\u017eena, zategnuta i mek\u0161a. Tonik se mo\u017ee nanositi i na ruke i suhu ko\u017eu peta jer aktivni sastojci u proizvodu omek\u0161avaju ko\u017eu i djeluju hidratantno. Glavni aktivni sastojci su kozje mlijeko, alantoin, vitamin E. Preporu\u010duje se za sve tipove ko\u017ee jer je nje\u017ean za ko\u017eu. Formula ne sadr\u017ei parfeme i bojila. Prikladno za \u017eene i mu\u0161karce, bez mirisa, nekomedogeno, dermatolo\u0161ki testirano, za sve tipove ko\u017ee, ph 5,5<\/p>","protected":false},"excerpt":{"rendered":"<p><img loading=\"lazy\" decoding=\"async\" class=\"alignnone size-full wp-image-1624\" src=\"https:\/\/www.kozmetika-martur.si\/wp-content\/uploads\/2021\/10\/kozmetika-martur-simboli-vrhunska-kakovost.jpg\" alt=\"\" width=\"80\" height=\"60\" \/> <img loading=\"lazy\" decoding=\"async\" class=\"alignnone size-full wp-image-1625\" src=\"https:\/\/www.kozmetika-martur.si\/wp-content\/uploads\/2021\/10\/kozmetika-martur-simboli-dermatolosko-testirano.jpg\" alt=\"\" width=\"80\" height=\"60\" \/> <img loading=\"lazy\" decoding=\"async\" class=\"alignnone size-full wp-image-1627\" src=\"https:\/\/www.kozmetika-martur.si\/wp-content\/uploads\/2021\/10\/kozmetika-martur-simboli-za-vse-tipe-koze.jpg\" alt=\"\" width=\"80\" height=\"60\" \/> <img loading=\"lazy\" decoding=\"async\" class=\"alignnone size-full wp-image-1628\" src=\"https:\/\/www.kozmetika-martur.si\/wp-content\/uploads\/2022\/01\/kozmetika-martur-simboli-za-zenske-in-moske.jpg\" alt=\"\" width=\"80\" height=\"60\" \/><br \/>\n<img loading=\"lazy\" decoding=\"async\" class=\"alignnone size-full wp-image-1622\" src=\"https:\/\/www.kozmetika-martur.si\/wp-content\/uploads\/2021\/10\/kozmetika-martur-simboli-neodisavljeno.jpg\" alt=\"\" width=\"80\" height=\"60\" \/> <img loading=\"lazy\" decoding=\"async\" class=\"alignnone size-full wp-image-1618\" src=\"https:\/\/www.kozmetika-martur.si\/wp-content\/uploads\/2021\/10\/kozmetika-martur-simboli-nekomedogeno.jpg\" alt=\"\" width=\"80\" height=\"60\" \/> <img loading=\"lazy\" decoding=\"async\" class=\"alignnone size-full wp-image-1619\" src=\"https:\/\/www.kozmetika-martur.si\/wp-content\/uploads\/2021\/10\/kozmetika-martur-simboli-ph-55.jpg\" alt=\"\" width=\"80\" height=\"60\" \/><br \/>\nNje\u017eni umiruju\u0107i tonik za lice koji ko\u017eu dodatno \u010disti, tonizira, osvje\u017eava i \u0161titi od vanjskih utjecaja. 200 ml.<\/p>\n<p>Prikladno za \u017eene i mu\u0161karce, bez mirisa, nekomedogeno, dermatolo\u0161ki testirano, za sve tipove ko\u017ee, ph 5,5<\/p>","protected":false},"featured_media":1533,"template":"","meta":{"_acf_changed":false,"_et_pb_use_builder":"off","_et_pb_old_content":"<h2>Aktivna dnevna obnovitvena krema<\/h2>\r\nKrema vsebuje sestavine ektoina, ki obnavlja ko\u017eo zaradi prekomernega \u010di\u0161\u010denja ko\u017ee in intenzivno vla\u017ei ko\u017eo. Vsebuje kozmeti\u010dno aktivne sestavine, ki na ko\u017eo delujejo antioksidativno, regenerativno in imajo mo\u010d obnavljanja celic in ko\u017ee. Izdelek vsebuje visoko vsebnost Vitamina E, ki pove\u010duje navla\u017eenost ko\u017ee, gladi povr\u0161ino ko\u017ee, pospe\u0161uje in spodbuja obnavljanje ko\u017ee in zmanj\u0161uje posledice od izpostavljenosti UV \u017earkom. Active day repair cream vsebuje tudi sestavine, ki zmanj\u0161ujejo TEWL (transpidermalno izgubo vlage na ko\u017ei).\u00a0Krema je primerna za vsa stanja ko\u017ee. Formula ne vsebuje parfuma in barvil. Dermatolo\u0161ko\u00a0 testirano.\r\n\r\n<strong>NAVODILA ZA UPORABO:<\/strong>\r\nKremo nanesite z ne\u017enimi potegi na \u010dist in suh obraz.\u00a0Uporablja se lahko zjutraj in zve\u010der. Priporo\u010da se\u00a0uporaba na vratu in dekolteju.\r\n\r\n<strong>OPOZORILA:<\/strong>\r\nSamo za zunanjo uporabo. Izogibajte se stiku z o\u010dmi in sluznicami. \u010ce izdelek pride v stik z o\u010dmi, sperite z obilico vode. Ni za osebe, ki so ob\u010dutljive na sestavine izdelka. Hraniti v originalni embala\u017ei vstran od vro\u010dine in son\u010dne\u00a0svetlobe. Hraniti izven dosega otrok. Izdelek uporabljajte\u00a0v skladu z navodili z uporabo.\r\n\r\n<strong>SESTAVINE:<\/strong>\r\nAqua, Argania, Spinosa Kernel Oil, Caprylic\/Capric Triglyceride, Glycerin, Cetearyl\u00a0Alcohol, Propylene Glycol, Butyrospermum Parkii Butter, Tocopherol,\u00a0Glyceryl Citrate\/Lactate\/Linoleate\/Oleate, Titanium Dioxide,\u00a0 Helianthus Annuus Seed Oil, Carbomer, Caprae Lac, Hydrolyzed Wheat Protein, Sodium Benzoate, Potassium Sorbate, Xanthan Gum, Ectoin, Hippophae Rhamnoides Fruit Oil, Camellia Oleifera Seed Oil, Boswellia\u00a0 Serrata Resin Extract, Oryzanol, Avena Sativa Kernel Extract, Oryza Sativa Bran Oil, Ferulic Acid, Anthemis Nobilis Flower Oil, Sodium Hydroxide.","_et_gb_content_width":""},"product_brand":[],"product_cat":[28],"product_tag":[],"class_list":{"0":"post-1032","1":"product","2":"type-product","3":"status-publish","4":"has-post-thumbnail","6":"product_cat-toniki","7":"product_shipping_class-brezplacna-dostava","9":"first","10":"instock","11":"taxable","12":"shipping-taxable","13":"purchasable","14":"product-type-simple"},"acf":[],"yoast_head":"<!-- This site is optimized with the Yoast SEO plugin v27.4 - https:\/\/yoast.com\/product\/yoast-seo-wordpress\/ -->\n<title>Tonik za obraz, ki na ko\u017eo deluje blagodejno - Kozmetika Martur<\/title>\n<meta name=\"description\" content=\"Pomirjajo\u010di tonik za obraz, ki ko\u017eo dodatno o\u010disti, jo pomirja in tonizira. Priporo\u010da se za uporabo pri vseh tipih ko\u017ee, saj je do ko\u017ee ne\u017een.\" \/>\n<meta name=\"robots\" content=\"index, follow, max-snippet:-1, max-image-preview:large, max-video-preview:-1\" \/>\n<link rel=\"canonical\" href=\"https:\/\/www.kozmetika-martur.si\/hr\/proizvod\/pomirjajoci-tonik-za-obraz\/\" \/>\n<meta property=\"og:locale\" content=\"hr_HR\" \/>\n<meta property=\"og:type\" content=\"article\" \/>\n<meta property=\"og:title\" content=\"Aktivna dnevna obnovitvena krema - Kozmetika Martur\" \/>\n<meta property=\"og:description\" content=\"Aktivna dnevna obnovitvena krema Martur vsebuje sestavine, ki delujejo antioksidativno, regenerativno in imajo mo\u010d obnavljanja celic in ko\u017ee.\" \/>\n<meta property=\"og:url\" content=\"https:\/\/www.kozmetika-martur.si\/hr\/proizvod\/pomirjajoci-tonik-za-obraz\/\" \/>\n<meta property=\"og:site_name\" content=\"Kozmetika Martur\" \/>\n<meta property=\"article:publisher\" content=\"https:\/\/www.facebook.com\/profile.php?id=100073150506190\" \/>\n<meta property=\"article:modified_time\" content=\"2022-10-25T09:46:31+00:00\" \/>\n<meta property=\"og:image\" content=\"https:\/\/www.kozmetika-martur.si\/wp-content\/uploads\/2021\/10\/kozmetika-martur-aktivna-dnevna-obnovitvena-krema.jpg\" \/>\n\t<meta property=\"og:image:width\" content=\"800\" \/>\n\t<meta property=\"og:image:height\" content=\"533\" \/>\n\t<meta property=\"og:image:type\" content=\"image\/jpeg\" \/>\n<meta name=\"twitter:card\" content=\"summary_large_image\" \/>\n<meta name=\"twitter:title\" content=\"Aktivna dnevna obnovitvena krema - Kozmetika Martur\" \/>\n<meta name=\"twitter:description\" content=\"Aktivna dnevna obnovitvena krema Martur vsebuje sestavine, ki delujejo antioksidativno, regenerativno in imajo mo\u010d obnavljanja celic in ko\u017ee.\" \/>\n<meta name=\"twitter:image\" content=\"https:\/\/www.kozmetika-martur.si\/wp-content\/uploads\/2021\/10\/kozmetika-martur-aktivna-dnevna-obnovitvena-krema.jpg\" \/>\n<meta name=\"twitter:label1\" content=\"Procijenjeno vrijeme \u010ditanja\" \/>\n\t<meta name=\"twitter:data1\" content=\"1 minuta\" \/>\n<script type=\"application\/ld+json\" class=\"yoast-schema-graph\">{\"@context\":\"https:\\\/\\\/schema.org\",\"@graph\":[{\"@type\":\"WebPage\",\"@id\":\"https:\\\/\\\/www.kozmetika-martur.si\\\/izdelek\\\/pomirjajoci-tonik-za-obraz\\\/\",\"url\":\"https:\\\/\\\/www.kozmetika-martur.si\\\/izdelek\\\/pomirjajoci-tonik-za-obraz\\\/\",\"name\":\"Tonik za obraz, ki na ko\u017eo deluje blagodejno - Kozmetika Martur\",\"isPartOf\":{\"@id\":\"https:\\\/\\\/www.kozmetika-martur.si\\\/#website\"},\"primaryImageOfPage\":{\"@id\":\"https:\\\/\\\/www.kozmetika-martur.si\\\/izdelek\\\/pomirjajoci-tonik-za-obraz\\\/#primaryimage\"},\"image\":{\"@id\":\"https:\\\/\\\/www.kozmetika-martur.si\\\/izdelek\\\/pomirjajoci-tonik-za-obraz\\\/#primaryimage\"},\"thumbnailUrl\":\"https:\\\/\\\/www.kozmetika-martur.si\\\/wp-content\\\/uploads\\\/2021\\\/10\\\/kozmetika-martur-tonik-za-obraz.jpg\",\"datePublished\":\"2021-11-04T12:29:09+00:00\",\"dateModified\":\"2022-10-25T09:46:31+00:00\",\"description\":\"Pomirjajo\u010di tonik za obraz, ki ko\u017eo dodatno o\u010disti, jo pomirja in tonizira. Priporo\u010da se za uporabo pri vseh tipih ko\u017ee, saj je do ko\u017ee ne\u017een.\",\"breadcrumb\":{\"@id\":\"https:\\\/\\\/www.kozmetika-martur.si\\\/izdelek\\\/pomirjajoci-tonik-za-obraz\\\/#breadcrumb\"},\"inLanguage\":\"hr\",\"potentialAction\":[{\"@type\":\"ReadAction\",\"target\":[\"https:\\\/\\\/www.kozmetika-martur.si\\\/izdelek\\\/pomirjajoci-tonik-za-obraz\\\/\"]}]},{\"@type\":\"ImageObject\",\"inLanguage\":\"hr\",\"@id\":\"https:\\\/\\\/www.kozmetika-martur.si\\\/izdelek\\\/pomirjajoci-tonik-za-obraz\\\/#primaryimage\",\"url\":\"https:\\\/\\\/www.kozmetika-martur.si\\\/wp-content\\\/uploads\\\/2021\\\/10\\\/kozmetika-martur-tonik-za-obraz.jpg\",\"contentUrl\":\"https:\\\/\\\/www.kozmetika-martur.si\\\/wp-content\\\/uploads\\\/2021\\\/10\\\/kozmetika-martur-tonik-za-obraz.jpg\",\"width\":1200,\"height\":1200,\"caption\":\"tonik za obraz\"},{\"@type\":\"BreadcrumbList\",\"@id\":\"https:\\\/\\\/www.kozmetika-martur.si\\\/izdelek\\\/pomirjajoci-tonik-za-obraz\\\/#breadcrumb\",\"itemListElement\":[{\"@type\":\"ListItem\",\"position\":1,\"name\":\"Home\",\"item\":\"https:\\\/\\\/www.kozmetika-martur.si\\\/\"},{\"@type\":\"ListItem\",\"position\":2,\"name\":\"Izdelki\",\"item\":\"https:\\\/\\\/www.kozmetika-martur.si\\\/izdelki\\\/\"},{\"@type\":\"ListItem\",\"position\":3,\"name\":\"Soft calming toner &#8211; Ne\u017eni pomirjajo\u010di tonik\"}]},{\"@type\":\"WebSite\",\"@id\":\"https:\\\/\\\/www.kozmetika-martur.si\\\/#website\",\"url\":\"https:\\\/\\\/www.kozmetika-martur.si\\\/\",\"name\":\"Kozmetika Martur\",\"description\":\"Profesionalna slovenska kozmetika\",\"publisher\":{\"@id\":\"https:\\\/\\\/www.kozmetika-martur.si\\\/#organization\"},\"potentialAction\":[{\"@type\":\"SearchAction\",\"target\":{\"@type\":\"EntryPoint\",\"urlTemplate\":\"https:\\\/\\\/www.kozmetika-martur.si\\\/?s={search_term_string}\"},\"query-input\":{\"@type\":\"PropertyValueSpecification\",\"valueRequired\":true,\"valueName\":\"search_term_string\"}}],\"inLanguage\":\"hr\"},{\"@type\":\"Organization\",\"@id\":\"https:\\\/\\\/www.kozmetika-martur.si\\\/#organization\",\"name\":\"Kozmetika Martur\",\"url\":\"https:\\\/\\\/www.kozmetika-martur.si\\\/\",\"logo\":{\"@type\":\"ImageObject\",\"inLanguage\":\"hr\",\"@id\":\"https:\\\/\\\/www.kozmetika-martur.si\\\/#\\\/schema\\\/logo\\\/image\\\/\",\"url\":\"https:\\\/\\\/www.kozmetika-martur.si\\\/wp-content\\\/uploads\\\/2021\\\/09\\\/kozmetika-martur-logo.jpg\",\"contentUrl\":\"https:\\\/\\\/www.kozmetika-martur.si\\\/wp-content\\\/uploads\\\/2021\\\/09\\\/kozmetika-martur-logo.jpg\",\"width\":400,\"height\":319,\"caption\":\"Kozmetika Martur\"},\"image\":{\"@id\":\"https:\\\/\\\/www.kozmetika-martur.si\\\/#\\\/schema\\\/logo\\\/image\\\/\"},\"sameAs\":[\"https:\\\/\\\/www.facebook.com\\\/profile.php?id=100073150506190\",\"https:\\\/\\\/www.instagram.com\\\/kozmetikamartur\\\/\"]}]}<\/script>\n<!-- \/ Yoast SEO plugin. -->","yoast_head_json":{"title":"Tonik za obraz, ki na ko\u017eo deluje blagodejno - Kozmetika Martur","description":"Pomirjajo\u010di tonik za obraz, ki ko\u017eo dodatno o\u010disti, jo pomirja in tonizira. Priporo\u010da se za uporabo pri vseh tipih ko\u017ee, saj je do ko\u017ee ne\u017een.","robots":{"index":"index","follow":"follow","max-snippet":"max-snippet:-1","max-image-preview":"max-image-preview:large","max-video-preview":"max-video-preview:-1"},"canonical":"https:\/\/www.kozmetika-martur.si\/hr\/proizvod\/pomirjajoci-tonik-za-obraz\/","og_locale":"hr_HR","og_type":"article","og_title":"Aktivna dnevna obnovitvena krema - Kozmetika Martur","og_description":"Aktivna dnevna obnovitvena krema Martur vsebuje sestavine, ki delujejo antioksidativno, regenerativno in imajo mo\u010d obnavljanja celic in ko\u017ee.","og_url":"https:\/\/www.kozmetika-martur.si\/hr\/proizvod\/pomirjajoci-tonik-za-obraz\/","og_site_name":"Kozmetika Martur","article_publisher":"https:\/\/www.facebook.com\/profile.php?id=100073150506190","article_modified_time":"2022-10-25T09:46:31+00:00","og_image":[{"width":800,"height":533,"url":"https:\/\/www.kozmetika-martur.si\/wp-content\/uploads\/2021\/10\/kozmetika-martur-aktivna-dnevna-obnovitvena-krema.jpg","type":"image\/jpeg"}],"twitter_card":"summary_large_image","twitter_title":"Aktivna dnevna obnovitvena krema - Kozmetika Martur","twitter_description":"Aktivna dnevna obnovitvena krema Martur vsebuje sestavine, ki delujejo antioksidativno, regenerativno in imajo mo\u010d obnavljanja celic in ko\u017ee.","twitter_image":"https:\/\/www.kozmetika-martur.si\/wp-content\/uploads\/2021\/10\/kozmetika-martur-aktivna-dnevna-obnovitvena-krema.jpg","twitter_misc":{"Procijenjeno vrijeme \u010ditanja":"1 minuta"},"schema":{"@context":"https:\/\/schema.org","@graph":[{"@type":"WebPage","@id":"https:\/\/www.kozmetika-martur.si\/izdelek\/pomirjajoci-tonik-za-obraz\/","url":"https:\/\/www.kozmetika-martur.si\/izdelek\/pomirjajoci-tonik-za-obraz\/","name":"Tonik za obraz, ki na ko\u017eo deluje blagodejno - Kozmetika Martur","isPartOf":{"@id":"https:\/\/www.kozmetika-martur.si\/#website"},"primaryImageOfPage":{"@id":"https:\/\/www.kozmetika-martur.si\/izdelek\/pomirjajoci-tonik-za-obraz\/#primaryimage"},"image":{"@id":"https:\/\/www.kozmetika-martur.si\/izdelek\/pomirjajoci-tonik-za-obraz\/#primaryimage"},"thumbnailUrl":"https:\/\/www.kozmetika-martur.si\/wp-content\/uploads\/2021\/10\/kozmetika-martur-tonik-za-obraz.jpg","datePublished":"2021-11-04T12:29:09+00:00","dateModified":"2022-10-25T09:46:31+00:00","description":"Pomirjajo\u010di tonik za obraz, ki ko\u017eo dodatno o\u010disti, jo pomirja in tonizira. Priporo\u010da se za uporabo pri vseh tipih ko\u017ee, saj je do ko\u017ee ne\u017een.","breadcrumb":{"@id":"https:\/\/www.kozmetika-martur.si\/izdelek\/pomirjajoci-tonik-za-obraz\/#breadcrumb"},"inLanguage":"hr","potentialAction":[{"@type":"ReadAction","target":["https:\/\/www.kozmetika-martur.si\/izdelek\/pomirjajoci-tonik-za-obraz\/"]}]},{"@type":"ImageObject","inLanguage":"hr","@id":"https:\/\/www.kozmetika-martur.si\/izdelek\/pomirjajoci-tonik-za-obraz\/#primaryimage","url":"https:\/\/www.kozmetika-martur.si\/wp-content\/uploads\/2021\/10\/kozmetika-martur-tonik-za-obraz.jpg","contentUrl":"https:\/\/www.kozmetika-martur.si\/wp-content\/uploads\/2021\/10\/kozmetika-martur-tonik-za-obraz.jpg","width":1200,"height":1200,"caption":"tonik za obraz"},{"@type":"BreadcrumbList","@id":"https:\/\/www.kozmetika-martur.si\/izdelek\/pomirjajoci-tonik-za-obraz\/#breadcrumb","itemListElement":[{"@type":"ListItem","position":1,"name":"Home","item":"https:\/\/www.kozmetika-martur.si\/"},{"@type":"ListItem","position":2,"name":"Izdelki","item":"https:\/\/www.kozmetika-martur.si\/izdelki\/"},{"@type":"ListItem","position":3,"name":"Soft calming toner &#8211; Ne\u017eni pomirjajo\u010di tonik"}]},{"@type":"WebSite","@id":"https:\/\/www.kozmetika-martur.si\/#website","url":"https:\/\/www.kozmetika-martur.si\/","name":"Kozmetika Martur","description":"Profesionalna slovenska kozmetika","publisher":{"@id":"https:\/\/www.kozmetika-martur.si\/#organization"},"potentialAction":[{"@type":"SearchAction","target":{"@type":"EntryPoint","urlTemplate":"https:\/\/www.kozmetika-martur.si\/?s={search_term_string}"},"query-input":{"@type":"PropertyValueSpecification","valueRequired":true,"valueName":"search_term_string"}}],"inLanguage":"hr"},{"@type":"Organization","@id":"https:\/\/www.kozmetika-martur.si\/#organization","name":"Kozmetika Martur","url":"https:\/\/www.kozmetika-martur.si\/","logo":{"@type":"ImageObject","inLanguage":"hr","@id":"https:\/\/www.kozmetika-martur.si\/#\/schema\/logo\/image\/","url":"https:\/\/www.kozmetika-martur.si\/wp-content\/uploads\/2021\/09\/kozmetika-martur-logo.jpg","contentUrl":"https:\/\/www.kozmetika-martur.si\/wp-content\/uploads\/2021\/09\/kozmetika-martur-logo.jpg","width":400,"height":319,"caption":"Kozmetika Martur"},"image":{"@id":"https:\/\/www.kozmetika-martur.si\/#\/schema\/logo\/image\/"},"sameAs":["https:\/\/www.facebook.com\/profile.php?id=100073150506190","https:\/\/www.instagram.com\/kozmetikamartur\/"]}]}},"_links":{"self":[{"href":"https:\/\/www.kozmetika-martur.si\/hr\/wp-json\/wp\/v2\/product\/1032","targetHints":{"allow":["GET"]}}],"collection":[{"href":"https:\/\/www.kozmetika-martur.si\/hr\/wp-json\/wp\/v2\/product"}],"about":[{"href":"https:\/\/www.kozmetika-martur.si\/hr\/wp-json\/wp\/v2\/types\/product"}],"wp:featuredmedia":[{"embeddable":true,"href":"https:\/\/www.kozmetika-martur.si\/hr\/wp-json\/wp\/v2\/media\/1533"}],"wp:attachment":[{"href":"https:\/\/www.kozmetika-martur.si\/hr\/wp-json\/wp\/v2\/media?parent=1032"}],"wp:term":[{"taxonomy":"product_brand","embeddable":true,"href":"https:\/\/www.kozmetika-martur.si\/hr\/wp-json\/wp\/v2\/product_brand?post=1032"},{"taxonomy":"product_cat","embeddable":true,"href":"https:\/\/www.kozmetika-martur.si\/hr\/wp-json\/wp\/v2\/product_cat?post=1032"},{"taxonomy":"product_tag","embeddable":true,"href":"https:\/\/www.kozmetika-martur.si\/hr\/wp-json\/wp\/v2\/product_tag?post=1032"}],"curies":[{"name":"wp","href":"https:\/\/api.w.org\/{rel}","templated":true}]}}