{"id":2441,"date":"2024-01-20T13:35:56","date_gmt":"2024-01-20T12:35:56","guid":{"rendered":"https:\/\/www.kozmetika-martur.si\/?post_type=product&#038;p=2441"},"modified":"2024-03-15T14:24:41","modified_gmt":"2024-03-15T13:24:41","slug":"martur-professional-skin-care-active-repair-mask","status":"publish","type":"product","link":"https:\/\/www.kozmetika-martur.si\/hr\/proizvod\/martur-professional-skin-care-active-repair-mask\/","title":{"rendered":"Martur professional skin care &#8211; Active repair mask"},"content":{"rendered":"<p>Active repair mask je maska za aktivnu obnovu ko\u017ee. Maska koja se svje\u017ee priprema neposredno prije upotrebe.<\/p>\n<p>Za vi\u0161e informacija po\u0161aljite upit. Hvala na razumijevanju!<\/p>\n<p><img loading=\"lazy\" decoding=\"async\" class=\"alignnone wp-image-2443\" src=\"https:\/\/www.kozmetika-martur.si\/wp-content\/uploads\/2024\/01\/image0-2-600x600.jpeg\" alt=\"\" width=\"299\" height=\"299\" \/><\/p>\n<p>&nbsp;<\/p>","protected":false},"excerpt":{"rendered":"<p>Active repair mask je aktivna obnovitvena maska za ko\u017eo. Maska, ki se na sve\u017ee pripravi tik pred uporabo. Za ve\u010d informacij, prosim po\u0161ljite povpra\u0161evanje. Hvala za razumevanje! &nbsp;<\/p>","protected":false},"featured_media":2443,"template":"","meta":{"_acf_changed":false,"_et_pb_use_builder":"","_et_pb_old_content":"","_et_gb_content_width":""},"product_brand":[],"product_cat":[44],"product_tag":[],"class_list":{"0":"post-2441","1":"product","2":"type-product","3":"status-publish","4":"has-post-thumbnail","6":"product_cat-maske","8":"first","9":"outofstock","10":"taxable","11":"shipping-taxable","12":"product-type-simple"},"acf":[],"yoast_head":"<!-- This site is optimized with the Yoast SEO plugin v27.4 - https:\/\/yoast.com\/product\/yoast-seo-wordpress\/ -->\n<title>Martur professional skin care - Active repair mask - Kozmetika Martur<\/title>\n<meta name=\"description\" content=\"Active repair mask je aktivna obnovitvena maska za ko\u017eo.\" \/>\n<meta name=\"robots\" content=\"index, follow, max-snippet:-1, max-image-preview:large, max-video-preview:-1\" \/>\n<link rel=\"canonical\" href=\"https:\/\/www.kozmetika-martur.si\/hr\/proizvod\/martur-professional-skin-care-active-repair-mask\/\" \/>\n<meta property=\"og:locale\" content=\"hr_HR\" \/>\n<meta property=\"og:type\" content=\"article\" \/>\n<meta property=\"og:title\" content=\"Martur professional skin care - Active repair mask - Kozmetika Martur\" \/>\n<meta property=\"og:description\" content=\"Active repair mask je aktivna obnovitvena maska za ko\u017eo.\" \/>\n<meta property=\"og:url\" content=\"https:\/\/www.kozmetika-martur.si\/hr\/proizvod\/martur-professional-skin-care-active-repair-mask\/\" \/>\n<meta property=\"og:site_name\" content=\"Kozmetika Martur\" \/>\n<meta property=\"article:publisher\" content=\"https:\/\/www.facebook.com\/profile.php?id=100073150506190\" \/>\n<meta property=\"article:modified_time\" content=\"2024-03-15T13:24:41+00:00\" \/>\n<meta property=\"og:image\" content=\"https:\/\/www.kozmetika-martur.si\/wp-content\/uploads\/2024\/01\/image0-2.jpeg\" \/>\n\t<meta property=\"og:image:width\" content=\"2000\" \/>\n\t<meta property=\"og:image:height\" content=\"2000\" \/>\n\t<meta property=\"og:image:type\" content=\"image\/jpeg\" \/>\n<meta name=\"twitter:card\" content=\"summary_large_image\" \/>\n<meta name=\"twitter:label1\" content=\"Procijenjeno vrijeme \u010ditanja\" \/>\n\t<meta name=\"twitter:data1\" content=\"1 minuta\" \/>\n<script type=\"application\/ld+json\" class=\"yoast-schema-graph\">{\"@context\":\"https:\\\/\\\/schema.org\",\"@graph\":[{\"@type\":\"WebPage\",\"@id\":\"https:\\\/\\\/www.kozmetika-martur.si\\\/izdelek\\\/martur-professional-skin-care-active-repair-mask\\\/\",\"url\":\"https:\\\/\\\/www.kozmetika-martur.si\\\/izdelek\\\/martur-professional-skin-care-active-repair-mask\\\/\",\"name\":\"Martur professional skin care - Active repair mask - Kozmetika Martur\",\"isPartOf\":{\"@id\":\"https:\\\/\\\/www.kozmetika-martur.si\\\/#website\"},\"primaryImageOfPage\":{\"@id\":\"https:\\\/\\\/www.kozmetika-martur.si\\\/izdelek\\\/martur-professional-skin-care-active-repair-mask\\\/#primaryimage\"},\"image\":{\"@id\":\"https:\\\/\\\/www.kozmetika-martur.si\\\/izdelek\\\/martur-professional-skin-care-active-repair-mask\\\/#primaryimage\"},\"thumbnailUrl\":\"https:\\\/\\\/www.kozmetika-martur.si\\\/wp-content\\\/uploads\\\/2024\\\/01\\\/image0-2.jpeg\",\"datePublished\":\"2024-01-20T12:35:56+00:00\",\"dateModified\":\"2024-03-15T13:24:41+00:00\",\"description\":\"Active repair mask je aktivna obnovitvena maska za ko\u017eo.\",\"breadcrumb\":{\"@id\":\"https:\\\/\\\/www.kozmetika-martur.si\\\/izdelek\\\/martur-professional-skin-care-active-repair-mask\\\/#breadcrumb\"},\"inLanguage\":\"hr\",\"potentialAction\":[{\"@type\":\"ReadAction\",\"target\":[\"https:\\\/\\\/www.kozmetika-martur.si\\\/izdelek\\\/martur-professional-skin-care-active-repair-mask\\\/\"]}]},{\"@type\":\"ImageObject\",\"inLanguage\":\"hr\",\"@id\":\"https:\\\/\\\/www.kozmetika-martur.si\\\/izdelek\\\/martur-professional-skin-care-active-repair-mask\\\/#primaryimage\",\"url\":\"https:\\\/\\\/www.kozmetika-martur.si\\\/wp-content\\\/uploads\\\/2024\\\/01\\\/image0-2.jpeg\",\"contentUrl\":\"https:\\\/\\\/www.kozmetika-martur.si\\\/wp-content\\\/uploads\\\/2024\\\/01\\\/image0-2.jpeg\",\"width\":1200,\"height\":1200},{\"@type\":\"BreadcrumbList\",\"@id\":\"https:\\\/\\\/www.kozmetika-martur.si\\\/izdelek\\\/martur-professional-skin-care-active-repair-mask\\\/#breadcrumb\",\"itemListElement\":[{\"@type\":\"ListItem\",\"position\":1,\"name\":\"Home\",\"item\":\"https:\\\/\\\/www.kozmetika-martur.si\\\/\"},{\"@type\":\"ListItem\",\"position\":2,\"name\":\"Izdelki\",\"item\":\"https:\\\/\\\/www.kozmetika-martur.si\\\/izdelki\\\/\"},{\"@type\":\"ListItem\",\"position\":3,\"name\":\"Martur professional skin care &#8211; Active repair mask\"}]},{\"@type\":\"WebSite\",\"@id\":\"https:\\\/\\\/www.kozmetika-martur.si\\\/#website\",\"url\":\"https:\\\/\\\/www.kozmetika-martur.si\\\/\",\"name\":\"Kozmetika Martur\",\"description\":\"Profesionalna slovenska kozmetika\",\"publisher\":{\"@id\":\"https:\\\/\\\/www.kozmetika-martur.si\\\/#organization\"},\"potentialAction\":[{\"@type\":\"SearchAction\",\"target\":{\"@type\":\"EntryPoint\",\"urlTemplate\":\"https:\\\/\\\/www.kozmetika-martur.si\\\/?s={search_term_string}\"},\"query-input\":{\"@type\":\"PropertyValueSpecification\",\"valueRequired\":true,\"valueName\":\"search_term_string\"}}],\"inLanguage\":\"hr\"},{\"@type\":\"Organization\",\"@id\":\"https:\\\/\\\/www.kozmetika-martur.si\\\/#organization\",\"name\":\"Kozmetika Martur\",\"url\":\"https:\\\/\\\/www.kozmetika-martur.si\\\/\",\"logo\":{\"@type\":\"ImageObject\",\"inLanguage\":\"hr\",\"@id\":\"https:\\\/\\\/www.kozmetika-martur.si\\\/#\\\/schema\\\/logo\\\/image\\\/\",\"url\":\"https:\\\/\\\/www.kozmetika-martur.si\\\/wp-content\\\/uploads\\\/2021\\\/09\\\/kozmetika-martur-logo.jpg\",\"contentUrl\":\"https:\\\/\\\/www.kozmetika-martur.si\\\/wp-content\\\/uploads\\\/2021\\\/09\\\/kozmetika-martur-logo.jpg\",\"width\":400,\"height\":319,\"caption\":\"Kozmetika Martur\"},\"image\":{\"@id\":\"https:\\\/\\\/www.kozmetika-martur.si\\\/#\\\/schema\\\/logo\\\/image\\\/\"},\"sameAs\":[\"https:\\\/\\\/www.facebook.com\\\/profile.php?id=100073150506190\",\"https:\\\/\\\/www.instagram.com\\\/kozmetikamartur\\\/\"]}]}<\/script>\n<!-- \/ Yoast SEO plugin. -->","yoast_head_json":{"title":"Martur professional skin care - Active repair mask - Kozmetika Martur","description":"Active repair mask je aktivna obnovitvena maska za ko\u017eo.","robots":{"index":"index","follow":"follow","max-snippet":"max-snippet:-1","max-image-preview":"max-image-preview:large","max-video-preview":"max-video-preview:-1"},"canonical":"https:\/\/www.kozmetika-martur.si\/hr\/proizvod\/martur-professional-skin-care-active-repair-mask\/","og_locale":"hr_HR","og_type":"article","og_title":"Martur professional skin care - Active repair mask - Kozmetika Martur","og_description":"Active repair mask je aktivna obnovitvena maska za ko\u017eo.","og_url":"https:\/\/www.kozmetika-martur.si\/hr\/proizvod\/martur-professional-skin-care-active-repair-mask\/","og_site_name":"Kozmetika Martur","article_publisher":"https:\/\/www.facebook.com\/profile.php?id=100073150506190","article_modified_time":"2024-03-15T13:24:41+00:00","og_image":[{"width":2000,"height":2000,"url":"https:\/\/www.kozmetika-martur.si\/wp-content\/uploads\/2024\/01\/image0-2.jpeg","type":"image\/jpeg"}],"twitter_card":"summary_large_image","twitter_misc":{"Procijenjeno vrijeme \u010ditanja":"1 minuta"},"schema":{"@context":"https:\/\/schema.org","@graph":[{"@type":"WebPage","@id":"https:\/\/www.kozmetika-martur.si\/izdelek\/martur-professional-skin-care-active-repair-mask\/","url":"https:\/\/www.kozmetika-martur.si\/izdelek\/martur-professional-skin-care-active-repair-mask\/","name":"Martur professional skin care - Active repair mask - Kozmetika Martur","isPartOf":{"@id":"https:\/\/www.kozmetika-martur.si\/#website"},"primaryImageOfPage":{"@id":"https:\/\/www.kozmetika-martur.si\/izdelek\/martur-professional-skin-care-active-repair-mask\/#primaryimage"},"image":{"@id":"https:\/\/www.kozmetika-martur.si\/izdelek\/martur-professional-skin-care-active-repair-mask\/#primaryimage"},"thumbnailUrl":"https:\/\/www.kozmetika-martur.si\/wp-content\/uploads\/2024\/01\/image0-2.jpeg","datePublished":"2024-01-20T12:35:56+00:00","dateModified":"2024-03-15T13:24:41+00:00","description":"Active repair mask je aktivna obnovitvena maska za ko\u017eo.","breadcrumb":{"@id":"https:\/\/www.kozmetika-martur.si\/izdelek\/martur-professional-skin-care-active-repair-mask\/#breadcrumb"},"inLanguage":"hr","potentialAction":[{"@type":"ReadAction","target":["https:\/\/www.kozmetika-martur.si\/izdelek\/martur-professional-skin-care-active-repair-mask\/"]}]},{"@type":"ImageObject","inLanguage":"hr","@id":"https:\/\/www.kozmetika-martur.si\/izdelek\/martur-professional-skin-care-active-repair-mask\/#primaryimage","url":"https:\/\/www.kozmetika-martur.si\/wp-content\/uploads\/2024\/01\/image0-2.jpeg","contentUrl":"https:\/\/www.kozmetika-martur.si\/wp-content\/uploads\/2024\/01\/image0-2.jpeg","width":1200,"height":1200},{"@type":"BreadcrumbList","@id":"https:\/\/www.kozmetika-martur.si\/izdelek\/martur-professional-skin-care-active-repair-mask\/#breadcrumb","itemListElement":[{"@type":"ListItem","position":1,"name":"Home","item":"https:\/\/www.kozmetika-martur.si\/"},{"@type":"ListItem","position":2,"name":"Izdelki","item":"https:\/\/www.kozmetika-martur.si\/izdelki\/"},{"@type":"ListItem","position":3,"name":"Martur professional skin care &#8211; Active repair mask"}]},{"@type":"WebSite","@id":"https:\/\/www.kozmetika-martur.si\/#website","url":"https:\/\/www.kozmetika-martur.si\/","name":"Kozmetika Martur","description":"Profesionalna slovenska kozmetika","publisher":{"@id":"https:\/\/www.kozmetika-martur.si\/#organization"},"potentialAction":[{"@type":"SearchAction","target":{"@type":"EntryPoint","urlTemplate":"https:\/\/www.kozmetika-martur.si\/?s={search_term_string}"},"query-input":{"@type":"PropertyValueSpecification","valueRequired":true,"valueName":"search_term_string"}}],"inLanguage":"hr"},{"@type":"Organization","@id":"https:\/\/www.kozmetika-martur.si\/#organization","name":"Kozmetika Martur","url":"https:\/\/www.kozmetika-martur.si\/","logo":{"@type":"ImageObject","inLanguage":"hr","@id":"https:\/\/www.kozmetika-martur.si\/#\/schema\/logo\/image\/","url":"https:\/\/www.kozmetika-martur.si\/wp-content\/uploads\/2021\/09\/kozmetika-martur-logo.jpg","contentUrl":"https:\/\/www.kozmetika-martur.si\/wp-content\/uploads\/2021\/09\/kozmetika-martur-logo.jpg","width":400,"height":319,"caption":"Kozmetika Martur"},"image":{"@id":"https:\/\/www.kozmetika-martur.si\/#\/schema\/logo\/image\/"},"sameAs":["https:\/\/www.facebook.com\/profile.php?id=100073150506190","https:\/\/www.instagram.com\/kozmetikamartur\/"]}]}},"_links":{"self":[{"href":"https:\/\/www.kozmetika-martur.si\/hr\/wp-json\/wp\/v2\/product\/2441","targetHints":{"allow":["GET"]}}],"collection":[{"href":"https:\/\/www.kozmetika-martur.si\/hr\/wp-json\/wp\/v2\/product"}],"about":[{"href":"https:\/\/www.kozmetika-martur.si\/hr\/wp-json\/wp\/v2\/types\/product"}],"wp:featuredmedia":[{"embeddable":true,"href":"https:\/\/www.kozmetika-martur.si\/hr\/wp-json\/wp\/v2\/media\/2443"}],"wp:attachment":[{"href":"https:\/\/www.kozmetika-martur.si\/hr\/wp-json\/wp\/v2\/media?parent=2441"}],"wp:term":[{"taxonomy":"product_brand","embeddable":true,"href":"https:\/\/www.kozmetika-martur.si\/hr\/wp-json\/wp\/v2\/product_brand?post=2441"},{"taxonomy":"product_cat","embeddable":true,"href":"https:\/\/www.kozmetika-martur.si\/hr\/wp-json\/wp\/v2\/product_cat?post=2441"},{"taxonomy":"product_tag","embeddable":true,"href":"https:\/\/www.kozmetika-martur.si\/hr\/wp-json\/wp\/v2\/product_tag?post=2441"}],"curies":[{"name":"wp","href":"https:\/\/api.w.org\/{rel}","templated":true}]}}