{"id":291,"date":"2021-10-05T13:15:37","date_gmt":"2021-10-05T11:15:37","guid":{"rendered":"https:\/\/www.kozmetika-martur.si\/?post_type=product&#038;p=291"},"modified":"2023-01-24T13:00:08","modified_gmt":"2023-01-24T12:00:08","slug":"vlazilna-negovalna-krema","status":"publish","type":"product","link":"https:\/\/www.kozmetika-martur.si\/hr\/proizvod\/vlazilna-negovalna-krema\/","title":{"rendered":"Active day repair cream - hidratantna krema za njegu"},"content":{"rendered":"<h2>Hidratantna krema za njegu<\/h2>\n<p>Hidratantna krema za njegu <a href=\"https:\/\/www.kozmetika-martur.si\/hr\/martur\/\">slovenske kozmetike Martur<\/a> sadr\u017ei komponente ektoina, koji regeneriraju ko\u017eu uslijed pretjeranog \u010di\u0161\u0107enja ko\u017ee i intenzivno je vla\u017ee. Sadr\u017ei kozmeti\u010dki aktivne sastojke koji djeluju antioksidativno, regenerativno na ko\u017eu te imaju mo\u0107 obnavljanja stanica i ko\u017ee. Aktivna dnevna obnavljaju\u0107a krema sadr\u017ei visok udio vitamina E koji pove\u0107ava hidrataciju ko\u017ee, zagla\u0111uje povr\u0161inu ko\u017ee, ubrzava i poti\u010de obnovu ko\u017ee te umanjuje posljedice izlaganja UV zrakama.<\/p>\n<p>Hidratantna krema za njegu sadr\u017ei visok udio aktivnih sastojaka za pobolj\u0161anje stanja ko\u017ee. Formulacija kreme je usmjerena na pobolj\u0161anje vla\u017enosti ko\u017ee, obnavljanje ko\u017ee i stanica. Nosivo ulje u kremi je arganovo koje nije komedogeno. Krema tako\u0111er sadr\u017ei djelatnu tvar ectoine koja regenerira ko\u017eu uslijed pretjeranog \u010di\u0161\u0107enja ko\u017ee i intenzivno je vla\u017ei. Proizvod sadr\u017ei aktivne sastojke kozjeg mlijeka koje je osim mlije\u010dne kiseline bogato i vitaminima A, B6, B12, E, probioticima i proteinima. Krema tako\u0111er sadr\u017ei sastojke kao \u0161to su ulje pasjeg trna, ri\u017eino ulje, vitamin E i druge aktivne sastojke koji smanjuju o\u0161te\u0107enja od UV zra\u010denja i smanjuju TEWL (transepidermalni gubitak vlage na ko\u017ei). Krema je prikladna za sva stanja ko\u017ee. Formula ne sadr\u017ei parfeme niti bojila.<\/p>\n<p>&nbsp;<\/p>","protected":false},"excerpt":{"rendered":"<p><img loading=\"lazy\" decoding=\"async\" class=\"alignnone size-full wp-image-1624\" src=\"https:\/\/www.kozmetika-martur.si\/wp-content\/uploads\/2021\/10\/kozmetika-martur-simboli-vrhunska-kakovost.jpg\" alt=\"\" width=\"80\" height=\"60\" \/> <img loading=\"lazy\" decoding=\"async\" class=\"alignnone size-full wp-image-1625\" src=\"https:\/\/www.kozmetika-martur.si\/wp-content\/uploads\/2021\/10\/kozmetika-martur-simboli-dermatolosko-testirano.jpg\" alt=\"\" width=\"80\" height=\"60\" \/> <img loading=\"lazy\" decoding=\"async\" class=\"alignnone size-full wp-image-1627\" src=\"https:\/\/www.kozmetika-martur.si\/wp-content\/uploads\/2021\/10\/kozmetika-martur-simboli-za-vse-tipe-koze.jpg\" alt=\"\" width=\"80\" height=\"60\" \/> <img loading=\"lazy\" decoding=\"async\" class=\"alignnone size-full wp-image-1628\" src=\"https:\/\/www.kozmetika-martur.si\/wp-content\/uploads\/2022\/01\/kozmetika-martur-simboli-za-zenske-in-moske.jpg\" alt=\"\" width=\"80\" height=\"60\" \/><br \/>\n<img loading=\"lazy\" decoding=\"async\" class=\"alignnone size-full wp-image-1622\" src=\"https:\/\/www.kozmetika-martur.si\/wp-content\/uploads\/2021\/10\/kozmetika-martur-simboli-neodisavljeno.jpg\" alt=\"\" width=\"80\" height=\"60\" \/> <img loading=\"lazy\" decoding=\"async\" class=\"alignnone size-full wp-image-1618\" src=\"https:\/\/www.kozmetika-martur.si\/wp-content\/uploads\/2021\/10\/kozmetika-martur-simboli-nekomedogeno.jpg\" alt=\"\" width=\"80\" height=\"60\" \/> <img loading=\"lazy\" decoding=\"async\" class=\"alignnone size-full wp-image-1626\" src=\"https:\/\/www.kozmetika-martur.si\/wp-content\/uploads\/2021\/10\/kozmetika-martur-simboli-airless-embalaza.jpg\" alt=\"\" width=\"80\" height=\"60\" \/><br \/>\nAktivna dnevna krema za oporavak sadr\u017ei visok udio aktivnih sastojaka za pobolj\u0161anje stanja ko\u017ee. Formulacija kreme je usmjerena na pobolj\u0161anje vla\u017enosti ko\u017ee, obnavljanje ko\u017ee i stanica. 50 ml.<\/p>\n<p>Krema je prikladna za sve tipove ko\u017ee. Formula ne sadr\u017ei parfeme niti bojila.<\/p>","protected":false},"featured_media":1534,"template":"","meta":{"_acf_changed":false,"_et_pb_use_builder":"off","_et_pb_old_content":"<h2>Aktivna dnevna obnovitvena krema<\/h2>\r\nKrema vsebuje sestavine ektoina, ki obnavlja ko\u017eo zaradi prekomernega \u010di\u0161\u010denja ko\u017ee in intenzivno vla\u017ei ko\u017eo. Vsebuje kozmeti\u010dno aktivne sestavine, ki na ko\u017eo delujejo antioksidativno, regenerativno in imajo mo\u010d obnavljanja celic in ko\u017ee. Izdelek vsebuje visoko vsebnost Vitamina E, ki pove\u010duje navla\u017eenost ko\u017ee, gladi povr\u0161ino ko\u017ee, pospe\u0161uje in spodbuja obnavljanje ko\u017ee in zmanj\u0161uje posledice od izpostavljenosti UV \u017earkom. Active day repair cream vsebuje tudi sestavine, ki zmanj\u0161ujejo TEWL (transpidermalno izgubo vlage na ko\u017ei).\u00a0Krema je primerna za vsa stanja ko\u017ee. Formula ne vsebuje parfuma in barvil. Dermatolo\u0161ko\u00a0 testirano.\r\n\r\n<strong>NAVODILA ZA UPORABO:<\/strong>\r\nKremo nanesite z ne\u017enimi potegi na \u010dist in suh obraz.\u00a0Uporablja se lahko zjutraj in zve\u010der. Priporo\u010da se\u00a0uporaba na vratu in dekolteju.\r\n\r\n<strong>OPOZORILA:<\/strong>\r\nSamo za zunanjo uporabo. Izogibajte se stiku z o\u010dmi in sluznicami. \u010ce izdelek pride v stik z o\u010dmi, sperite z obilico vode. Ni za osebe, ki so ob\u010dutljive na sestavine izdelka. Hraniti v originalni embala\u017ei vstran od vro\u010dine in son\u010dne\u00a0svetlobe. Hraniti izven dosega otrok. Izdelek uporabljajte\u00a0v skladu z navodili z uporabo.\r\n\r\n<strong>SESTAVINE:<\/strong>\r\nAqua, Argania, Spinosa Kernel Oil, Caprylic\/Capric Triglyceride, Glycerin, Cetearyl\u00a0Alcohol, Propylene Glycol, Butyrospermum Parkii Butter, Tocopherol,\u00a0Glyceryl Citrate\/Lactate\/Linoleate\/Oleate, Titanium Dioxide,\u00a0 Helianthus Annuus Seed Oil, Carbomer, Caprae Lac, Hydrolyzed Wheat Protein, Sodium Benzoate, Potassium Sorbate, Xanthan Gum, Ectoin, Hippophae Rhamnoides Fruit Oil, Camellia Oleifera Seed Oil, Boswellia\u00a0 Serrata Resin Extract, Oryzanol, Avena Sativa Kernel Extract, Oryza Sativa Bran Oil, Ferulic Acid, Anthemis Nobilis Flower Oil, Sodium Hydroxide.","_et_gb_content_width":""},"product_brand":[],"product_cat":[21],"product_tag":[],"class_list":{"0":"post-291","1":"product","2":"type-product","3":"status-publish","4":"has-post-thumbnail","6":"product_cat-kreme","7":"product_shipping_class-brezplacna-dostava","9":"first","10":"instock","11":"taxable","12":"shipping-taxable","13":"purchasable","14":"product-type-simple"},"acf":[],"yoast_head":"<!-- This site is optimized with the Yoast SEO plugin v27.5 - https:\/\/yoast.com\/product\/yoast-seo-wordpress\/ -->\n<title>Vla\u017eilna negovalna krema Martur - Active Day Repair Cream<\/title>\n<meta name=\"description\" content=\"Vla\u017eilna negovalna krema Martur vsebuje sestavine, ki delujejo antioksidativno, regenerativno in imajo mo\u010d obnavljanja celic in ko\u017ee.\" \/>\n<meta name=\"robots\" content=\"index, follow, max-snippet:-1, max-image-preview:large, max-video-preview:-1\" \/>\n<link rel=\"canonical\" href=\"https:\/\/www.kozmetika-martur.si\/hr\/proizvod\/vlazilna-negovalna-krema\/\" \/>\n<meta property=\"og:locale\" content=\"hr_HR\" \/>\n<meta property=\"og:type\" content=\"article\" \/>\n<meta property=\"og:title\" content=\"Aktivna dnevna obnovitvena krema - Kozmetika Martur\" \/>\n<meta property=\"og:description\" content=\"Aktivna dnevna obnovitvena krema Martur vsebuje sestavine, ki delujejo antioksidativno, regenerativno in imajo mo\u010d obnavljanja celic in ko\u017ee.\" \/>\n<meta property=\"og:url\" content=\"https:\/\/www.kozmetika-martur.si\/hr\/proizvod\/vlazilna-negovalna-krema\/\" \/>\n<meta property=\"og:site_name\" content=\"Kozmetika Martur\" \/>\n<meta property=\"article:publisher\" content=\"https:\/\/www.facebook.com\/profile.php?id=100073150506190\" \/>\n<meta property=\"article:modified_time\" content=\"2023-01-24T12:00:08+00:00\" \/>\n<meta property=\"og:image\" content=\"https:\/\/www.kozmetika-martur.si\/wp-content\/uploads\/2021\/10\/kozmetika-martur-aktivna-dnevna-obnovitvena-krema.jpg\" \/>\n\t<meta property=\"og:image:width\" content=\"800\" \/>\n\t<meta property=\"og:image:height\" content=\"533\" \/>\n\t<meta property=\"og:image:type\" content=\"image\/jpeg\" \/>\n<meta name=\"twitter:card\" content=\"summary_large_image\" \/>\n<meta name=\"twitter:title\" content=\"Aktivna dnevna obnovitvena krema - Kozmetika Martur\" \/>\n<meta name=\"twitter:description\" content=\"Aktivna dnevna obnovitvena krema Martur vsebuje sestavine, ki delujejo antioksidativno, regenerativno in imajo mo\u010d obnavljanja celic in ko\u017ee.\" \/>\n<meta name=\"twitter:image\" content=\"https:\/\/www.kozmetika-martur.si\/wp-content\/uploads\/2021\/10\/kozmetika-martur-aktivna-dnevna-obnovitvena-krema.jpg\" \/>\n<meta name=\"twitter:label1\" content=\"Procijenjeno vrijeme \u010ditanja\" \/>\n\t<meta name=\"twitter:data1\" content=\"2 minute\" \/>\n<script type=\"application\/ld+json\" class=\"yoast-schema-graph\">{\"@context\":\"https:\\\/\\\/schema.org\",\"@graph\":[{\"@type\":\"WebPage\",\"@id\":\"https:\\\/\\\/www.kozmetika-martur.si\\\/izdelek\\\/vlazilna-negovalna-krema\\\/\",\"url\":\"https:\\\/\\\/www.kozmetika-martur.si\\\/izdelek\\\/vlazilna-negovalna-krema\\\/\",\"name\":\"Vla\u017eilna negovalna krema Martur - Active Day Repair Cream\",\"isPartOf\":{\"@id\":\"https:\\\/\\\/www.kozmetika-martur.si\\\/#website\"},\"primaryImageOfPage\":{\"@id\":\"https:\\\/\\\/www.kozmetika-martur.si\\\/izdelek\\\/vlazilna-negovalna-krema\\\/#primaryimage\"},\"image\":{\"@id\":\"https:\\\/\\\/www.kozmetika-martur.si\\\/izdelek\\\/vlazilna-negovalna-krema\\\/#primaryimage\"},\"thumbnailUrl\":\"https:\\\/\\\/www.kozmetika-martur.si\\\/wp-content\\\/uploads\\\/2021\\\/10\\\/kozmetika-martur-dnevna-obnovitvena-krema.jpg\",\"datePublished\":\"2021-10-05T11:15:37+00:00\",\"dateModified\":\"2023-01-24T12:00:08+00:00\",\"description\":\"Vla\u017eilna negovalna krema Martur vsebuje sestavine, ki delujejo antioksidativno, regenerativno in imajo mo\u010d obnavljanja celic in ko\u017ee.\",\"breadcrumb\":{\"@id\":\"https:\\\/\\\/www.kozmetika-martur.si\\\/izdelek\\\/vlazilna-negovalna-krema\\\/#breadcrumb\"},\"inLanguage\":\"hr\",\"potentialAction\":[{\"@type\":\"ReadAction\",\"target\":[\"https:\\\/\\\/www.kozmetika-martur.si\\\/izdelek\\\/vlazilna-negovalna-krema\\\/\"]}]},{\"@type\":\"ImageObject\",\"inLanguage\":\"hr\",\"@id\":\"https:\\\/\\\/www.kozmetika-martur.si\\\/izdelek\\\/vlazilna-negovalna-krema\\\/#primaryimage\",\"url\":\"https:\\\/\\\/www.kozmetika-martur.si\\\/wp-content\\\/uploads\\\/2021\\\/10\\\/kozmetika-martur-dnevna-obnovitvena-krema.jpg\",\"contentUrl\":\"https:\\\/\\\/www.kozmetika-martur.si\\\/wp-content\\\/uploads\\\/2021\\\/10\\\/kozmetika-martur-dnevna-obnovitvena-krema.jpg\",\"width\":1200,\"height\":1200,\"caption\":\"vla\u017eilna negovalna krema\"},{\"@type\":\"BreadcrumbList\",\"@id\":\"https:\\\/\\\/www.kozmetika-martur.si\\\/izdelek\\\/vlazilna-negovalna-krema\\\/#breadcrumb\",\"itemListElement\":[{\"@type\":\"ListItem\",\"position\":1,\"name\":\"Home\",\"item\":\"https:\\\/\\\/www.kozmetika-martur.si\\\/\"},{\"@type\":\"ListItem\",\"position\":2,\"name\":\"Izdelki\",\"item\":\"https:\\\/\\\/www.kozmetika-martur.si\\\/izdelki\\\/\"},{\"@type\":\"ListItem\",\"position\":3,\"name\":\"Active day repair cream &#8211; vla\u017eilna negovalna krema\"}]},{\"@type\":\"WebSite\",\"@id\":\"https:\\\/\\\/www.kozmetika-martur.si\\\/#website\",\"url\":\"https:\\\/\\\/www.kozmetika-martur.si\\\/\",\"name\":\"Kozmetika Martur\",\"description\":\"Profesionalna slovenska kozmetika\",\"publisher\":{\"@id\":\"https:\\\/\\\/www.kozmetika-martur.si\\\/#organization\"},\"potentialAction\":[{\"@type\":\"SearchAction\",\"target\":{\"@type\":\"EntryPoint\",\"urlTemplate\":\"https:\\\/\\\/www.kozmetika-martur.si\\\/?s={search_term_string}\"},\"query-input\":{\"@type\":\"PropertyValueSpecification\",\"valueRequired\":true,\"valueName\":\"search_term_string\"}}],\"inLanguage\":\"hr\"},{\"@type\":\"Organization\",\"@id\":\"https:\\\/\\\/www.kozmetika-martur.si\\\/#organization\",\"name\":\"Kozmetika Martur\",\"url\":\"https:\\\/\\\/www.kozmetika-martur.si\\\/\",\"logo\":{\"@type\":\"ImageObject\",\"inLanguage\":\"hr\",\"@id\":\"https:\\\/\\\/www.kozmetika-martur.si\\\/#\\\/schema\\\/logo\\\/image\\\/\",\"url\":\"https:\\\/\\\/www.kozmetika-martur.si\\\/wp-content\\\/uploads\\\/2021\\\/09\\\/kozmetika-martur-logo.jpg\",\"contentUrl\":\"https:\\\/\\\/www.kozmetika-martur.si\\\/wp-content\\\/uploads\\\/2021\\\/09\\\/kozmetika-martur-logo.jpg\",\"width\":400,\"height\":319,\"caption\":\"Kozmetika Martur\"},\"image\":{\"@id\":\"https:\\\/\\\/www.kozmetika-martur.si\\\/#\\\/schema\\\/logo\\\/image\\\/\"},\"sameAs\":[\"https:\\\/\\\/www.facebook.com\\\/profile.php?id=100073150506190\",\"https:\\\/\\\/www.instagram.com\\\/kozmetikamartur\\\/\"]}]}<\/script>\n<!-- \/ Yoast SEO plugin. -->","yoast_head_json":{"title":"Vla\u017eilna negovalna krema Martur - Active Day Repair Cream","description":"Vla\u017eilna negovalna krema Martur vsebuje sestavine, ki delujejo antioksidativno, regenerativno in imajo mo\u010d obnavljanja celic in ko\u017ee.","robots":{"index":"index","follow":"follow","max-snippet":"max-snippet:-1","max-image-preview":"max-image-preview:large","max-video-preview":"max-video-preview:-1"},"canonical":"https:\/\/www.kozmetika-martur.si\/hr\/proizvod\/vlazilna-negovalna-krema\/","og_locale":"hr_HR","og_type":"article","og_title":"Aktivna dnevna obnovitvena krema - Kozmetika Martur","og_description":"Aktivna dnevna obnovitvena krema Martur vsebuje sestavine, ki delujejo antioksidativno, regenerativno in imajo mo\u010d obnavljanja celic in ko\u017ee.","og_url":"https:\/\/www.kozmetika-martur.si\/hr\/proizvod\/vlazilna-negovalna-krema\/","og_site_name":"Kozmetika Martur","article_publisher":"https:\/\/www.facebook.com\/profile.php?id=100073150506190","article_modified_time":"2023-01-24T12:00:08+00:00","og_image":[{"width":800,"height":533,"url":"https:\/\/www.kozmetika-martur.si\/wp-content\/uploads\/2021\/10\/kozmetika-martur-aktivna-dnevna-obnovitvena-krema.jpg","type":"image\/jpeg"}],"twitter_card":"summary_large_image","twitter_title":"Aktivna dnevna obnovitvena krema - Kozmetika Martur","twitter_description":"Aktivna dnevna obnovitvena krema Martur vsebuje sestavine, ki delujejo antioksidativno, regenerativno in imajo mo\u010d obnavljanja celic in ko\u017ee.","twitter_image":"https:\/\/www.kozmetika-martur.si\/wp-content\/uploads\/2021\/10\/kozmetika-martur-aktivna-dnevna-obnovitvena-krema.jpg","twitter_misc":{"Procijenjeno vrijeme \u010ditanja":"2 minute"},"schema":{"@context":"https:\/\/schema.org","@graph":[{"@type":"WebPage","@id":"https:\/\/www.kozmetika-martur.si\/izdelek\/vlazilna-negovalna-krema\/","url":"https:\/\/www.kozmetika-martur.si\/izdelek\/vlazilna-negovalna-krema\/","name":"Vla\u017eilna negovalna krema Martur - Active Day Repair Cream","isPartOf":{"@id":"https:\/\/www.kozmetika-martur.si\/#website"},"primaryImageOfPage":{"@id":"https:\/\/www.kozmetika-martur.si\/izdelek\/vlazilna-negovalna-krema\/#primaryimage"},"image":{"@id":"https:\/\/www.kozmetika-martur.si\/izdelek\/vlazilna-negovalna-krema\/#primaryimage"},"thumbnailUrl":"https:\/\/www.kozmetika-martur.si\/wp-content\/uploads\/2021\/10\/kozmetika-martur-dnevna-obnovitvena-krema.jpg","datePublished":"2021-10-05T11:15:37+00:00","dateModified":"2023-01-24T12:00:08+00:00","description":"Vla\u017eilna negovalna krema Martur vsebuje sestavine, ki delujejo antioksidativno, regenerativno in imajo mo\u010d obnavljanja celic in ko\u017ee.","breadcrumb":{"@id":"https:\/\/www.kozmetika-martur.si\/izdelek\/vlazilna-negovalna-krema\/#breadcrumb"},"inLanguage":"hr","potentialAction":[{"@type":"ReadAction","target":["https:\/\/www.kozmetika-martur.si\/izdelek\/vlazilna-negovalna-krema\/"]}]},{"@type":"ImageObject","inLanguage":"hr","@id":"https:\/\/www.kozmetika-martur.si\/izdelek\/vlazilna-negovalna-krema\/#primaryimage","url":"https:\/\/www.kozmetika-martur.si\/wp-content\/uploads\/2021\/10\/kozmetika-martur-dnevna-obnovitvena-krema.jpg","contentUrl":"https:\/\/www.kozmetika-martur.si\/wp-content\/uploads\/2021\/10\/kozmetika-martur-dnevna-obnovitvena-krema.jpg","width":1200,"height":1200,"caption":"vla\u017eilna negovalna krema"},{"@type":"BreadcrumbList","@id":"https:\/\/www.kozmetika-martur.si\/izdelek\/vlazilna-negovalna-krema\/#breadcrumb","itemListElement":[{"@type":"ListItem","position":1,"name":"Home","item":"https:\/\/www.kozmetika-martur.si\/"},{"@type":"ListItem","position":2,"name":"Izdelki","item":"https:\/\/www.kozmetika-martur.si\/izdelki\/"},{"@type":"ListItem","position":3,"name":"Active day repair cream &#8211; vla\u017eilna negovalna krema"}]},{"@type":"WebSite","@id":"https:\/\/www.kozmetika-martur.si\/#website","url":"https:\/\/www.kozmetika-martur.si\/","name":"Kozmetika Martur","description":"Profesionalna slovenska kozmetika","publisher":{"@id":"https:\/\/www.kozmetika-martur.si\/#organization"},"potentialAction":[{"@type":"SearchAction","target":{"@type":"EntryPoint","urlTemplate":"https:\/\/www.kozmetika-martur.si\/?s={search_term_string}"},"query-input":{"@type":"PropertyValueSpecification","valueRequired":true,"valueName":"search_term_string"}}],"inLanguage":"hr"},{"@type":"Organization","@id":"https:\/\/www.kozmetika-martur.si\/#organization","name":"Kozmetika Martur","url":"https:\/\/www.kozmetika-martur.si\/","logo":{"@type":"ImageObject","inLanguage":"hr","@id":"https:\/\/www.kozmetika-martur.si\/#\/schema\/logo\/image\/","url":"https:\/\/www.kozmetika-martur.si\/wp-content\/uploads\/2021\/09\/kozmetika-martur-logo.jpg","contentUrl":"https:\/\/www.kozmetika-martur.si\/wp-content\/uploads\/2021\/09\/kozmetika-martur-logo.jpg","width":400,"height":319,"caption":"Kozmetika Martur"},"image":{"@id":"https:\/\/www.kozmetika-martur.si\/#\/schema\/logo\/image\/"},"sameAs":["https:\/\/www.facebook.com\/profile.php?id=100073150506190","https:\/\/www.instagram.com\/kozmetikamartur\/"]}]}},"_links":{"self":[{"href":"https:\/\/www.kozmetika-martur.si\/hr\/wp-json\/wp\/v2\/product\/291","targetHints":{"allow":["GET"]}}],"collection":[{"href":"https:\/\/www.kozmetika-martur.si\/hr\/wp-json\/wp\/v2\/product"}],"about":[{"href":"https:\/\/www.kozmetika-martur.si\/hr\/wp-json\/wp\/v2\/types\/product"}],"wp:featuredmedia":[{"embeddable":true,"href":"https:\/\/www.kozmetika-martur.si\/hr\/wp-json\/wp\/v2\/media\/1534"}],"wp:attachment":[{"href":"https:\/\/www.kozmetika-martur.si\/hr\/wp-json\/wp\/v2\/media?parent=291"}],"wp:term":[{"taxonomy":"product_brand","embeddable":true,"href":"https:\/\/www.kozmetika-martur.si\/hr\/wp-json\/wp\/v2\/product_brand?post=291"},{"taxonomy":"product_cat","embeddable":true,"href":"https:\/\/www.kozmetika-martur.si\/hr\/wp-json\/wp\/v2\/product_cat?post=291"},{"taxonomy":"product_tag","embeddable":true,"href":"https:\/\/www.kozmetika-martur.si\/hr\/wp-json\/wp\/v2\/product_tag?post=291"}],"curies":[{"name":"wp","href":"https:\/\/api.w.org\/{rel}","templated":true}]}}